{"id":1991,"date":"2024-06-19T16:51:59","date_gmt":"2024-06-19T14:51:59","guid":{"rendered":"https:\/\/aupancoged.org\/?page_id=1991"},"modified":"2026-05-11T19:48:50","modified_gmt":"2026-05-11T17:48:50","slug":"contact-us","status":"publish","type":"page","link":"https:\/\/aupancoged.org\/fr\/contact-us\/","title":{"rendered":"Contactez-nous"},"content":{"rendered":"<div data-elementor-type=\"wp-page\" data-elementor-id=\"1991\" class=\"elementor elementor-1991\" data-elementor-post-type=\"page\">\n\t\t\t\t\t\t<section class=\"elementor-section elementor-top-section elementor-element elementor-element-6c1048c elementor-section-boxed elementor-section-height-default elementor-section-height-default\" data-id=\"6c1048c\" data-element_type=\"section\" data-e-type=\"section\">\n\t\t\t\t\t\t<div class=\"elementor-container elementor-column-gap-default\">\n\t\t\t\t\t<div class=\"elementor-column elementor-col-16 elementor-top-column elementor-element elementor-element-89bf5df\" data-id=\"89bf5df\" data-element_type=\"column\" data-e-type=\"column\">\n\t\t\t<div class=\"elementor-widget-wrap\">\n\t\t\t\t\t\t\t<\/div>\n\t\t<\/div>\n\t\t\t\t<div class=\"elementor-column elementor-col-66 elementor-top-column elementor-element elementor-element-e42f77a\" data-id=\"e42f77a\" data-element_type=\"column\" data-e-type=\"column\">\n\t\t\t<div class=\"elementor-widget-wrap elementor-element-populated\">\n\t\t\t\t\t\t<div class=\"elementor-element elementor-element-d8eb206 elementor-widget elementor-widget-heading\" data-id=\"d8eb206\" data-element_type=\"widget\" data-e-type=\"widget\" data-widget_type=\"heading.default\">\n\t\t\t\t<div class=\"elementor-widget-container\">\n\t\t\t\t\t<h2 class=\"elementor-heading-title elementor-size-default\">Coordonn\u00e9es des organisateurs de la conf\u00e9rence<\/h2>\t\t\t\t<\/div>\n\t\t\t\t<\/div>\n\t\t\t\t<div class=\"elementor-element elementor-element-98114a4 elementor-widget elementor-widget-text-editor\" data-id=\"98114a4\" data-element_type=\"widget\" data-e-type=\"widget\" data-widget_type=\"text-editor.default\">\n\t\t\t\t<div class=\"elementor-widget-container\">\n\t\t\t\t\t\t\t\t\t<p>La 2e Conf\u00e9rence panafricaine de l&#039;Union africaine sur l&#039;\u00e9ducation des filles et des femmes en Afrique est organis\u00e9e par le Centre international de l&#039;Union africaine pour l&#039;\u00e9ducation des filles et des femmes en Afrique (UA\/CIEFFA) \u2013 https:\/\/cieffa.au.int<\/p><p>Si vous avez des questions concernant ce guide du voyageur ou la conf\u00e9rence en g\u00e9n\u00e9ral, veuillez nous contacter \u00e0 l&#039;adresse suivante\u00a0: <a href=\"mailto:AU-CIEFFA@africanunion.org\">AU-CIEFFA@africanunion.org<\/a> et <a href=\"mailto:djek@africanunion.org\">djek@africanunion.org<\/a>.<\/p>\t\t\t\t\t\t\t\t<\/div>\n\t\t\t\t<\/div>\n\t\t\t\t\t<\/div>\n\t\t<\/div>\n\t\t\t\t<div class=\"elementor-column elementor-col-16 elementor-top-column elementor-element elementor-element-b8d1702\" data-id=\"b8d1702\" data-element_type=\"column\" data-e-type=\"column\">\n\t\t\t<div class=\"elementor-widget-wrap\">\n\t\t\t\t\t\t\t<\/div>\n\t\t<\/div>\n\t\t\t\t\t<\/div>\n\t\t<\/section>\n\t\t\t\t<\/div>","protected":false},"excerpt":{"rendered":"<p>Conference organizers&#8217; contact information The AU\u2019s 2nd Pan African Conference on girls and women\u2019s education in Africa is being organised by the African Union International Centre for Girls and Women\u2019s Education in Africa (AU\/CIEFFA) &#8211; https:\/\/cieffa.au.int If you have any questions about this traveller\u2019s guide or about the Conference at large, please contact us at [&hellip;]<\/p>\n","protected":false},"author":2,"featured_media":0,"parent":0,"menu_order":0,"comment_status":"closed","ping_status":"closed","template":"","meta":{"footnotes":""},"class_list":["post-1991","page","type-page","status-publish","hentry"],"_links":{"self":[{"href":"https:\/\/aupancoged.org\/fr\/wp-json\/wp\/v2\/pages\/1991","targetHints":{"allow":["GET"]}}],"collection":[{"href":"https:\/\/aupancoged.org\/fr\/wp-json\/wp\/v2\/pages"}],"about":[{"href":"https:\/\/aupancoged.org\/fr\/wp-json\/wp\/v2\/types\/page"}],"author":[{"embeddable":true,"href":"https:\/\/aupancoged.org\/fr\/wp-json\/wp\/v2\/users\/2"}],"replies":[{"embeddable":true,"href":"https:\/\/aupancoged.org\/fr\/wp-json\/wp\/v2\/comments?post=1991"}],"version-history":[{"count":10,"href":"https:\/\/aupancoged.org\/fr\/wp-json\/wp\/v2\/pages\/1991\/revisions"}],"predecessor-version":[{"id":2766,"href":"https:\/\/aupancoged.org\/fr\/wp-json\/wp\/v2\/pages\/1991\/revisions\/2766"}],"wp:attachment":[{"href":"https:\/\/aupancoged.org\/fr\/wp-json\/wp\/v2\/media?parent=1991"}],"curies":[{"name":"wp","href":"https:\/\/api.w.org\/{rel}","templated":true}]}}